{"id":19913,"date":"2026-03-03T12:39:09","date_gmt":"2026-03-03T18:39:09","guid":{"rendered":"https:\/\/theoutdoorshubgt.com\/shop\/?post_type=product&#038;p=19913"},"modified":"2026-03-03T12:39:53","modified_gmt":"2026-03-03T18:39:53","slug":"the-locker-backpack-duffel","status":"publish","type":"product","link":"https:\/\/theoutdoorshubgt.com\/shop\/index.php\/product\/the-locker-backpack-duffel\/","title":{"rendered":"THE LOCKER BACKPACK DUFFEL"},"content":{"rendered":"<ul>\n<li>El panel de malla grande permite que los art\u00edculos sucios o h\u00famedos se ventilen, mientras que el revestimiento impermeable mantiene seco el compartimento principal<\/li>\n<li>Acolchado trasero de 3 paneles para una comodidad de transporte \u00f3ptima<\/li>\n<li>La funda acolchada para computadora port\u00e1til se adapta a computadoras port\u00e1tiles de hasta 15&#8243;<\/li>\n<li>Bolsillos para botellas de agua XL<\/li>\n<li>Asa superior de transporte\/colgar<\/li>\n<li>Anillos D<\/li>\n<li>Correas ajustables<\/li>\n<li><strong>Material(es):<\/strong>\u00a0100% poli\u00e9ster, revestimiento 100% poli\u00e9ster<\/li>\n<\/ul>\n","protected":false},"excerpt":{"rendered":"<p>La mochila Locker Duffel fue dise\u00f1ada para transportar c\u00f3modamente su equipo, ropa, zapatos, bebidas y m\u00e1s. Con un bolsillo frontal forrado a prueba de agua, esta mochila est\u00e1 lista para proteger lo seco de lo h\u00famedo y lo sucio de lo limpio. Adem\u00e1s, el compartimento principal ligeramente acolchado almacena f\u00e1cilmente tus elementos esenciales de uso diario.<\/p>\n","protected":false},"featured_media":19914,"template":"","meta":[],"product_cat":[94],"product_tag":[],"class_list":{"0":"post-19913","1":"product","2":"type-product","3":"status-publish","4":"has-post-thumbnail","6":"product_brand-geckobrands","7":"product_cat-productos","9":"first","10":"instock","11":"shipping-taxable","12":"purchasable","13":"product-type-simple"},"_links":{"self":[{"href":"https:\/\/theoutdoorshubgt.com\/shop\/index.php\/wp-json\/wp\/v2\/product\/19913","targetHints":{"allow":["GET"]}}],"collection":[{"href":"https:\/\/theoutdoorshubgt.com\/shop\/index.php\/wp-json\/wp\/v2\/product"}],"about":[{"href":"https:\/\/theoutdoorshubgt.com\/shop\/index.php\/wp-json\/wp\/v2\/types\/product"}],"wp:featuredmedia":[{"embeddable":true,"href":"https:\/\/theoutdoorshubgt.com\/shop\/index.php\/wp-json\/wp\/v2\/media\/19914"}],"wp:attachment":[{"href":"https:\/\/theoutdoorshubgt.com\/shop\/index.php\/wp-json\/wp\/v2\/media?parent=19913"}],"wp:term":[{"taxonomy":"product_cat","embeddable":true,"href":"https:\/\/theoutdoorshubgt.com\/shop\/index.php\/wp-json\/wp\/v2\/product_cat?post=19913"},{"taxonomy":"product_tag","embeddable":true,"href":"https:\/\/theoutdoorshubgt.com\/shop\/index.php\/wp-json\/wp\/v2\/product_tag?post=19913"}],"curies":[{"name":"wp","href":"https:\/\/api.w.org\/{rel}","templated":true}]}}