{"id":19931,"date":"2026-03-03T14:41:24","date_gmt":"2026-03-03T20:41:24","guid":{"rendered":"https:\/\/theoutdoorshubgt.com\/shop\/?post_type=product&#038;p=19931"},"modified":"2026-03-03T14:41:24","modified_gmt":"2026-03-03T20:41:24","slug":"optivate-weekender","status":"publish","type":"product","link":"https:\/\/theoutdoorshubgt.com\/shop\/index.php\/product\/optivate-weekender\/","title":{"rendered":"OPTIVATE WEEKENDER"},"content":{"rendered":"<p><span>Mejora tu experiencia de viaje con Optivate Weekender como tu compa\u00f1ero de viaje.<\/span><\/p>\n","protected":false},"excerpt":{"rendered":"<ul>\n<li><span>Dise\u00f1ado para una f\u00e1cil organizaci\u00f3n de los elementos esenciales de viaje<\/span><\/li>\n<li><span>Funda acolchada para port\u00e1til de 15&#8243;<\/span><\/li>\n<li><span>Bolsillo interior peque\u00f1o con cremallera, bolsillo interior de malla con cremallera y bolsillo frontal con cremallera<\/span><\/li>\n<li><span>Amplio compartimento inferior para guardar zapatos, bolsas de tocador y m\u00e1s<\/span><\/li>\n<li><span>Dos manijas laterales para quitar f\u00e1cilmente del almacenamiento superior y de los ba\u00fales del veh\u00edculo<\/span><\/li>\n<li><span>La funda del carrito tambi\u00e9n funciona como un segundo bolsillo con cremallera: simplemente cierre la cremallera inferior<\/span><\/li>\n<li><span>Herrajes met\u00e1licos duraderos<\/span><\/li>\n<li><span>Correa de hombro acolchada incluida<\/span><\/li>\n<\/ul>\n","protected":false},"featured_media":19932,"template":"","meta":[],"product_cat":[94],"product_tag":[],"class_list":{"0":"post-19931","1":"product","2":"type-product","3":"status-publish","4":"has-post-thumbnail","6":"product_cat-productos","8":"first","9":"instock","10":"shipping-taxable","11":"purchasable","12":"product-type-simple"},"_links":{"self":[{"href":"https:\/\/theoutdoorshubgt.com\/shop\/index.php\/wp-json\/wp\/v2\/product\/19931","targetHints":{"allow":["GET"]}}],"collection":[{"href":"https:\/\/theoutdoorshubgt.com\/shop\/index.php\/wp-json\/wp\/v2\/product"}],"about":[{"href":"https:\/\/theoutdoorshubgt.com\/shop\/index.php\/wp-json\/wp\/v2\/types\/product"}],"wp:featuredmedia":[{"embeddable":true,"href":"https:\/\/theoutdoorshubgt.com\/shop\/index.php\/wp-json\/wp\/v2\/media\/19932"}],"wp:attachment":[{"href":"https:\/\/theoutdoorshubgt.com\/shop\/index.php\/wp-json\/wp\/v2\/media?parent=19931"}],"wp:term":[{"taxonomy":"product_cat","embeddable":true,"href":"https:\/\/theoutdoorshubgt.com\/shop\/index.php\/wp-json\/wp\/v2\/product_cat?post=19931"},{"taxonomy":"product_tag","embeddable":true,"href":"https:\/\/theoutdoorshubgt.com\/shop\/index.php\/wp-json\/wp\/v2\/product_tag?post=19931"}],"curies":[{"name":"wp","href":"https:\/\/api.w.org\/{rel}","templated":true}]}}