{"id":20042,"date":"2026-03-06T11:08:48","date_gmt":"2026-03-06T17:08:48","guid":{"rendered":"https:\/\/theoutdoorshubgt.com\/shop\/?post_type=product&#038;p=20042"},"modified":"2026-03-06T11:20:44","modified_gmt":"2026-03-06T17:20:44","slug":"flashlight-task-light","status":"publish","type":"product","link":"https:\/\/theoutdoorshubgt.com\/shop\/index.php\/product\/flashlight-task-light\/","title":{"rendered":"FLASHLIGHT + TASK LIGHT"},"content":{"rendered":"","protected":false},"excerpt":{"rendered":"<ul class=\"a-unordered-list a-vertical a-spacing-mini\">\n<li class=\"a-spacing-mini\"><span class=\"a-list-item\">Linterna compacta vers\u00e1til: esta mini linterna de mano de 850 l\u00famenes se puede utilizar como una linterna de alta intensidad, luz de tarea blanca o luz de tarea roja; cabe en un bolsillo o guantera<\/span><\/li>\n<li class=\"a-spacing-mini\"><span class=\"a-list-item\">Linterna con soporte extra\u00edble: esta luz viene enclavada en un soporte magn\u00e9tico para una iluminaci\u00f3n de trabajo f\u00e1cil, instant\u00e1nea y manos libres cuando se conecta a superficies met\u00e1licas<\/span><\/li>\n<li class=\"a-spacing-mini\"><span class=\"a-list-item\">Linterna vers\u00e1til de utilidad: con 3 luces distintas, 8 modos diferentes y un m\u00e1ximo de 850 l\u00famenes, esta linterna es una gran luz de tarea port\u00e1til y vers\u00e1til<\/span><\/li>\n<li class=\"a-spacing-mini\"><span class=\"a-list-item\">Luz de tarea ajustable: la luz de tarea blanca y roja en el centro de la linterna permite una iluminaci\u00f3n de trabajo ajustable, proporcionando una inundaci\u00f3n uniforme de luz para trabajar<\/span><\/li>\n<li class=\"a-spacing-mini\"><span class=\"a-list-item\">Acerca de Nite Ize: Nuestros productos impulsados por inventores organizan su vida, protegen su equipo, iluminan su camino y resuelven creativamente los problemas cotidianos; cada producto est\u00e1 respaldado por nuestra garant\u00eda sin preocupaciones<\/span><\/li>\n<\/ul>\n","protected":false},"featured_media":20046,"template":"","meta":[],"product_cat":[94],"product_tag":[],"class_list":{"0":"post-20042","1":"product","2":"type-product","3":"status-publish","4":"has-post-thumbnail","6":"product_brand-nite-ize","7":"product_cat-productos","9":"first","10":"instock","11":"shipping-taxable","12":"purchasable","13":"product-type-simple"},"_links":{"self":[{"href":"https:\/\/theoutdoorshubgt.com\/shop\/index.php\/wp-json\/wp\/v2\/product\/20042","targetHints":{"allow":["GET"]}}],"collection":[{"href":"https:\/\/theoutdoorshubgt.com\/shop\/index.php\/wp-json\/wp\/v2\/product"}],"about":[{"href":"https:\/\/theoutdoorshubgt.com\/shop\/index.php\/wp-json\/wp\/v2\/types\/product"}],"wp:featuredmedia":[{"embeddable":true,"href":"https:\/\/theoutdoorshubgt.com\/shop\/index.php\/wp-json\/wp\/v2\/media\/20046"}],"wp:attachment":[{"href":"https:\/\/theoutdoorshubgt.com\/shop\/index.php\/wp-json\/wp\/v2\/media?parent=20042"}],"wp:term":[{"taxonomy":"product_cat","embeddable":true,"href":"https:\/\/theoutdoorshubgt.com\/shop\/index.php\/wp-json\/wp\/v2\/product_cat?post=20042"},{"taxonomy":"product_tag","embeddable":true,"href":"https:\/\/theoutdoorshubgt.com\/shop\/index.php\/wp-json\/wp\/v2\/product_tag?post=20042"}],"curies":[{"name":"wp","href":"https:\/\/api.w.org\/{rel}","templated":true}]}}