{"id":20052,"date":"2026-03-06T11:37:45","date_gmt":"2026-03-06T17:37:45","guid":{"rendered":"https:\/\/theoutdoorshubgt.com\/shop\/?post_type=product&#038;p=20052"},"modified":"2026-03-06T11:37:46","modified_gmt":"2026-03-06T17:37:46","slug":"cashback-phone-wallet-white","status":"publish","type":"product","link":"https:\/\/theoutdoorshubgt.com\/shop\/index.php\/product\/cashback-phone-wallet-white\/","title":{"rendered":"CASHBACK PHONE WALLET WHITE"},"content":{"rendered":"","protected":false},"excerpt":{"rendered":"<ul class=\"a-unordered-list a-vertical a-spacing-mini\">\n<li class=\"a-spacing-mini\"><span class=\"a-list-item\">Cartera de tel\u00e9fono de perfil delgado: la cartera CashBack Phone ofrece un dise\u00f1o elegante que se adhiere a su tel\u00e9fono, proporcionando un discreto y conveniente tarjetero sin el volumen<\/span><\/li>\n<li class=\"a-spacing-mini\"><span class=\"a-list-item\">Accesorio de cartera con fuerte adherencia: equipado con adhesivo VHB 3M duradero, esta cartera adhesiva para tel\u00e9fono se fija de forma segura a su tel\u00e9fono o funda, asegurando que sus elementos esenciales permanezcan en su lugar<\/span><\/li>\n<li class=\"a-spacing-mini\"><span class=\"a-list-item\">Cartera para tel\u00e9fono con almacenamiento de 4 tarjetas: esta cartera para tel\u00e9fono celular puede contener c\u00f3modamente hasta cuatro tarjetas, como tarjetas de cr\u00e9dito o identificaciones, por lo que es una combinaci\u00f3n perfecta de simplicidad y utilidad<\/span><\/li>\n<li class=\"a-spacing-mini\"><span class=\"a-list-item\">Accesorios vers\u00e1tiles para tel\u00e9fono celular: esta cartera adhesiva para tel\u00e9fono cuenta con una ventana f\u00e1cil de deslizar y una pesta\u00f1a de seguridad, lo que permite un acceso r\u00e1pido a tus tarjetas mientras las mantiene firmemente en su lugar<\/span><\/li>\n<li class=\"a-spacing-mini\"><span class=\"a-list-item\">Acerca de Nite Ize: Nuestros productos impulsados por inventores organizan tu vida, protegen tu equipo, iluminan tu camino y resuelven creativamente los problemas cotidianos<\/span><\/li>\n<\/ul>\n","protected":false},"featured_media":20053,"template":"","meta":[],"product_cat":[94],"product_tag":[],"class_list":{"0":"post-20052","1":"product","2":"type-product","3":"status-publish","4":"has-post-thumbnail","6":"product_brand-nite-ize","7":"product_cat-productos","9":"first","10":"instock","11":"shipping-taxable","12":"purchasable","13":"product-type-simple"},"_links":{"self":[{"href":"https:\/\/theoutdoorshubgt.com\/shop\/index.php\/wp-json\/wp\/v2\/product\/20052","targetHints":{"allow":["GET"]}}],"collection":[{"href":"https:\/\/theoutdoorshubgt.com\/shop\/index.php\/wp-json\/wp\/v2\/product"}],"about":[{"href":"https:\/\/theoutdoorshubgt.com\/shop\/index.php\/wp-json\/wp\/v2\/types\/product"}],"wp:featuredmedia":[{"embeddable":true,"href":"https:\/\/theoutdoorshubgt.com\/shop\/index.php\/wp-json\/wp\/v2\/media\/20053"}],"wp:attachment":[{"href":"https:\/\/theoutdoorshubgt.com\/shop\/index.php\/wp-json\/wp\/v2\/media?parent=20052"}],"wp:term":[{"taxonomy":"product_cat","embeddable":true,"href":"https:\/\/theoutdoorshubgt.com\/shop\/index.php\/wp-json\/wp\/v2\/product_cat?post=20052"},{"taxonomy":"product_tag","embeddable":true,"href":"https:\/\/theoutdoorshubgt.com\/shop\/index.php\/wp-json\/wp\/v2\/product_tag?post=20052"}],"curies":[{"name":"wp","href":"https:\/\/api.w.org\/{rel}","templated":true}]}}