{"id":20064,"date":"2026-03-06T16:04:35","date_gmt":"2026-03-06T22:04:35","guid":{"rendered":"https:\/\/theoutdoorshubgt.com\/shop\/?post_type=product&#038;p=20064"},"modified":"2026-03-06T16:27:37","modified_gmt":"2026-03-06T22:27:37","slug":"financial-tool-multitool-wallet","status":"publish","type":"product","link":"https:\/\/theoutdoorshubgt.com\/shop\/index.php\/product\/financial-tool-multitool-wallet\/","title":{"rendered":"FINANCIAL TOOL MULTITOOL WALLET"},"content":{"rendered":"<p>Donde la innovaci\u00f3n y la eficiencia se encuentran: esta herramienta m\u00faltiple 7 en 1 puede ser una llave, un destornillador, un abridor de botellas, una regla, un raspador y sujetar de forma segura su dinero en efectivo y sus tarjetas sin sudar. No se deje enga\u00f1ar por el aspecto elegante de la correa de envoltura de efectivo: la correa de alta resistencia a la tracci\u00f3n es lo suficientemente fuerte como para soportar incluso su mayor d\u00eda de pago. Forjada en acero inoxidable tratado t\u00e9rmicamente, esta billetera no se doblar\u00e1, no se romper\u00e1 y nunca te decepcionar\u00e1.<\/p>\n","protected":false},"excerpt":{"rendered":"<ul>\n<li>Cartera multiherramienta 7 en 1<\/li>\n<li>La correa Secure Cash Wrap no pierde su elasticidad, no resiste ni se desgasta<\/li>\n<li>Seguro y c\u00f3modo<\/li>\n<li>Dise\u00f1o ligero y de perfil bajo<\/li>\n<li>Construcci\u00f3n duradera de acero inoxidable<\/li>\n<li>F\u00e1cil de viajar + aeropuerto<\/li>\n<li>incluye: correa Cash Wrap, raspador, abridor de botellas, 3 llaves (1\/4&#8243;, 5\/16&#8243; y 3\/8&#8243;), destornillador de punta plana, destornillador Phillips\/cortador de cinta, regla m\u00e9trica + imperial<\/li>\n<\/ul>\n","protected":false},"featured_media":20074,"template":"","meta":[],"product_cat":[94],"product_tag":[],"class_list":{"0":"post-20064","1":"product","2":"type-product","3":"status-publish","4":"has-post-thumbnail","6":"product_brand-nite-ize","7":"product_cat-productos","9":"first","10":"instock","11":"shipping-taxable","12":"purchasable","13":"product-type-variable"},"_links":{"self":[{"href":"https:\/\/theoutdoorshubgt.com\/shop\/index.php\/wp-json\/wp\/v2\/product\/20064","targetHints":{"allow":["GET"]}}],"collection":[{"href":"https:\/\/theoutdoorshubgt.com\/shop\/index.php\/wp-json\/wp\/v2\/product"}],"about":[{"href":"https:\/\/theoutdoorshubgt.com\/shop\/index.php\/wp-json\/wp\/v2\/types\/product"}],"wp:featuredmedia":[{"embeddable":true,"href":"https:\/\/theoutdoorshubgt.com\/shop\/index.php\/wp-json\/wp\/v2\/media\/20074"}],"wp:attachment":[{"href":"https:\/\/theoutdoorshubgt.com\/shop\/index.php\/wp-json\/wp\/v2\/media?parent=20064"}],"wp:term":[{"taxonomy":"product_cat","embeddable":true,"href":"https:\/\/theoutdoorshubgt.com\/shop\/index.php\/wp-json\/wp\/v2\/product_cat?post=20064"},{"taxonomy":"product_tag","embeddable":true,"href":"https:\/\/theoutdoorshubgt.com\/shop\/index.php\/wp-json\/wp\/v2\/product_tag?post=20064"}],"curies":[{"name":"wp","href":"https:\/\/api.w.org\/{rel}","templated":true}]}}