{"id":20086,"date":"2026-03-07T13:41:55","date_gmt":"2026-03-07T19:41:55","guid":{"rendered":"https:\/\/theoutdoorshubgt.com\/shop\/?post_type=product&#038;p=20086"},"modified":"2026-04-04T14:23:55","modified_gmt":"2026-04-04T20:23:55","slug":"passport-hat","status":"publish","type":"product","link":"https:\/\/theoutdoorshubgt.com\/shop\/index.php\/product\/passport-hat\/","title":{"rendered":"Passport Hat"},"content":{"rendered":"<p>Este sombrero de fieltro apto para viajes cuenta con nailon reciclado certificado para mayor durabilidad y una sensaci\u00f3n a\u00fan m\u00e1s suave. El dise\u00f1o plegable y el ala de contorno extendida ofrecen un perfil elegante y contempor\u00e1neo con m\u00e1xima protecci\u00f3n solar. Con Sunglass Lock\u2122, tama\u00f1o ajustable y ventilaci\u00f3n con ojal de metal para mayor comodidad y conveniencia.<\/p>\n","protected":false},"excerpt":{"rendered":"<ul>\n<li>Clasificaci\u00f3n solar UPF 50+<\/li>\n<li>3\u2156&#8221; (8,5 cm) en la parte delantera, 2\u00bd&#8221; (6,5 cm) en los laterales y 3&#8243; (8 cm) en el ala trasera<\/li>\n<li>Tejido de cuerpo principal e inserto de ala 100% reciclados<\/li>\n<li>Sunglass Lock\u2122 mantiene las gafas en su lugar<\/li>\n<li>Ventilaci\u00f3n con ojales met\u00e1licos<\/li>\n<li>Flota en el agua<\/li>\n<li>Dimensionamiento interno el\u00e1stico-c\u00f3modo<\/li>\n<li>Banda para el sudor absorbente<\/li>\n<li>Tela del cuerpo principal y banda para el sudor de Bluesign\u00ae<\/li>\n<li>Repelente al agua duradero (DWR) sin PFAS<\/li>\n<li>Rollos para facilitar el embalaje<\/li>\n<li>Patentado<\/li>\n<\/ul>\n","protected":false},"featured_media":20091,"template":"","meta":[],"product_cat":[117],"product_tag":[],"class_list":{"0":"post-20086","1":"product","2":"type-product","3":"status-publish","4":"has-post-thumbnail","6":"product_brand-sunday-afternoons","7":"product_cat-sombreros","9":"first","10":"outofstock","11":"shipping-taxable","12":"purchasable","13":"product-type-variable"},"_links":{"self":[{"href":"https:\/\/theoutdoorshubgt.com\/shop\/index.php\/wp-json\/wp\/v2\/product\/20086","targetHints":{"allow":["GET"]}}],"collection":[{"href":"https:\/\/theoutdoorshubgt.com\/shop\/index.php\/wp-json\/wp\/v2\/product"}],"about":[{"href":"https:\/\/theoutdoorshubgt.com\/shop\/index.php\/wp-json\/wp\/v2\/types\/product"}],"wp:featuredmedia":[{"embeddable":true,"href":"https:\/\/theoutdoorshubgt.com\/shop\/index.php\/wp-json\/wp\/v2\/media\/20091"}],"wp:attachment":[{"href":"https:\/\/theoutdoorshubgt.com\/shop\/index.php\/wp-json\/wp\/v2\/media?parent=20086"}],"wp:term":[{"taxonomy":"product_cat","embeddable":true,"href":"https:\/\/theoutdoorshubgt.com\/shop\/index.php\/wp-json\/wp\/v2\/product_cat?post=20086"},{"taxonomy":"product_tag","embeddable":true,"href":"https:\/\/theoutdoorshubgt.com\/shop\/index.php\/wp-json\/wp\/v2\/product_tag?post=20086"}],"curies":[{"name":"wp","href":"https:\/\/api.w.org\/{rel}","templated":true}]}}