{"id":20092,"date":"2026-03-07T15:29:30","date_gmt":"2026-03-07T21:29:30","guid":{"rendered":"https:\/\/theoutdoorshubgt.com\/shop\/?post_type=product&#038;p=20092"},"modified":"2026-03-07T15:29:31","modified_gmt":"2026-03-07T21:29:31","slug":"vaporlite-stride-cap","status":"publish","type":"product","link":"https:\/\/theoutdoorshubgt.com\/shop\/index.php\/product\/vaporlite-stride-cap\/","title":{"rendered":"VaporLite Stride Cap"},"content":{"rendered":"<p>La construcci\u00f3n contorneada de 5 paneles y el tama\u00f1o ajustable hacen que la tapa de zancada VaporLite\u2122 sea la opci\u00f3n perfecta para tu pr\u00f3xima carrera. Fabricada con tejido corporal principal ultraligero 100% reciclado bluesign\u00ae, dise\u00f1o apto para colas de caballo y banda para el sudor absorbente en esta gorra deportiva garantizan un ajuste c\u00f3modo. Handy 360 \u00b0los detalles reflectantes son una ventaja con poca luz, mientras que Sunglass Lock\u2122 mantiene tus gafas de sol en su lugar.<\/p>\n","protected":false},"excerpt":{"rendered":"<ul>\n<li><span>2\u00bd&#8221; (6,5 cm) ala aplastable<\/span><\/li>\n<li><span>Tejido antidesgarro ultraligero VaporLite\u2122<\/span><\/li>\n<li><span>Tejido corporal principal Bluesign\u00ae (solo s\u00f3lidos), malla y banda para el sudor<\/span><\/li>\n<li><span>Tejido y malla de carrocer\u00eda principal 100% reciclados<\/span><\/li>\n<li><span>Sunglass Lock\u2122 mantiene las gafas en su lugar<\/span><\/li>\n<li><span>Detalles reflectantes<\/span><\/li>\n<li><span>Compatible con colas de caballo<\/span><\/li>\n<li><span>Repelente al agua duradero (DWR) sin PFAS<\/span><\/li>\n<li><span>Banda para el sudor absorbente\/base inferior para m\u00e1xima evaporaci\u00f3n<\/span><\/li>\n<li><span>Tama\u00f1o ajustable el\u00e1stico-c\u00f3modo<\/span><\/li>\n<li><span>El dise\u00f1o aplastable es apto para viajes<\/span><\/li>\n<li><span>Patentado<\/span><\/li>\n<\/ul>\n","protected":false},"featured_media":20096,"template":"","meta":[],"product_cat":[116],"product_tag":[],"class_list":{"0":"post-20092","1":"product","2":"type-product","3":"status-publish","4":"has-post-thumbnail","6":"product_brand-sunday-afternoons","7":"product_cat-gorras","9":"first","10":"instock","11":"shipping-taxable","12":"purchasable","13":"product-type-variable"},"_links":{"self":[{"href":"https:\/\/theoutdoorshubgt.com\/shop\/index.php\/wp-json\/wp\/v2\/product\/20092","targetHints":{"allow":["GET"]}}],"collection":[{"href":"https:\/\/theoutdoorshubgt.com\/shop\/index.php\/wp-json\/wp\/v2\/product"}],"about":[{"href":"https:\/\/theoutdoorshubgt.com\/shop\/index.php\/wp-json\/wp\/v2\/types\/product"}],"wp:featuredmedia":[{"embeddable":true,"href":"https:\/\/theoutdoorshubgt.com\/shop\/index.php\/wp-json\/wp\/v2\/media\/20096"}],"wp:attachment":[{"href":"https:\/\/theoutdoorshubgt.com\/shop\/index.php\/wp-json\/wp\/v2\/media?parent=20092"}],"wp:term":[{"taxonomy":"product_cat","embeddable":true,"href":"https:\/\/theoutdoorshubgt.com\/shop\/index.php\/wp-json\/wp\/v2\/product_cat?post=20092"},{"taxonomy":"product_tag","embeddable":true,"href":"https:\/\/theoutdoorshubgt.com\/shop\/index.php\/wp-json\/wp\/v2\/product_tag?post=20092"}],"curies":[{"name":"wp","href":"https:\/\/api.w.org\/{rel}","templated":true}]}}