{"id":20747,"date":"2026-05-15T11:15:36","date_gmt":"2026-05-15T17:15:36","guid":{"rendered":"https:\/\/theoutdoorshubgt.com\/shop\/?post_type=product&#038;p=20747"},"modified":"2026-05-15T11:15:36","modified_gmt":"2026-05-15T17:15:36","slug":"kuhl-freeflex-dash-flint","status":"publish","type":"product","link":"https:\/\/theoutdoorshubgt.com\/shop\/index.php\/product\/kuhl-freeflex-dash-flint\/","title":{"rendered":"KUHL FREEFLEX DASH  FLINT"},"content":{"rendered":"<div class=\"MuiBox-root css-180lvqq\"><span>\u00bfQu\u00e9 lo convierte en K\u00dcHL?<\/span><\/div>\n<div class=\"MuiBox-root css-47bd3v\">\n<p><span>Lujosamente suave, liviano y dise\u00f1ado para moverse seg\u00fan lo exija su cuerpo, el FREEFLEX\u2122 DASH es pura comodidad diaria lista para la acci\u00f3n. Con un estiramiento que rebota con cada paso, el FREEFLEX\u2122 mantiene su forma y ajuste durante un uso prolongado. El rendimiento r\u00e1pido de secado y absorci\u00f3n de humedad con la m\u00e1xima protecci\u00f3n solar mantiene cada aventura en movimiento.<\/span><\/p>\n<\/div>\n","protected":false},"excerpt":{"rendered":"<ul>\n<li><span>Suave y ligero<\/span><\/li>\n<li><span>El estiramiento mec\u00e1nico con rebote mantiene la forma y el ajuste<\/span><\/li>\n<li><span>Secado r\u00e1pido<\/span><\/li>\n<li><span>Absorbente de humedad<\/span><\/li>\n<li><span>Acabado resistente al agua<\/span><\/li>\n<li><span>Protecci\u00f3n solar UPF 50+<\/span><\/li>\n<li><span><span>Apertura del tobillo: 15,25&#8243; (tama\u00f1o peque\u00f1o)<\/span><\/span><\/li>\n<li><span><span>Costuras interiores: cortas 29,5&#8243;, regulares 31,5&#8243;<\/span><\/span><\/li>\n<li><span><span>Cinturilla suave y extra\u00edble<\/span><\/span><\/li>\n<li><span><span>Bolsillos delanteros y traseros con cremallera<\/span><\/span><\/li>\n<li><span><span>Bolsillo para tel\u00e9fono m\u00f3vil sin cita previa<\/span><\/span><\/li>\n<li><span><span>Cincha de tobillo para ajuste personalizado y seguridad en bicicleta<\/span><\/span><\/li>\n<li><span><span>Importado<\/span><\/span><\/li>\n<\/ul>\n","protected":false},"featured_media":20750,"template":"","meta":[],"product_cat":[107,73],"product_tag":[],"class_list":{"0":"post-20747","1":"product","2":"type-product","3":"status-publish","4":"has-post-thumbnail","6":"product_brand-kuhl","7":"product_cat-pantalones-ropa-tecnica-para-mujer","8":"product_cat-ropa-tecnica-para-mujer","10":"first","11":"instock","12":"shipping-taxable","13":"purchasable","14":"product-type-variable"},"_links":{"self":[{"href":"https:\/\/theoutdoorshubgt.com\/shop\/index.php\/wp-json\/wp\/v2\/product\/20747","targetHints":{"allow":["GET"]}}],"collection":[{"href":"https:\/\/theoutdoorshubgt.com\/shop\/index.php\/wp-json\/wp\/v2\/product"}],"about":[{"href":"https:\/\/theoutdoorshubgt.com\/shop\/index.php\/wp-json\/wp\/v2\/types\/product"}],"wp:featuredmedia":[{"embeddable":true,"href":"https:\/\/theoutdoorshubgt.com\/shop\/index.php\/wp-json\/wp\/v2\/media\/20750"}],"wp:attachment":[{"href":"https:\/\/theoutdoorshubgt.com\/shop\/index.php\/wp-json\/wp\/v2\/media?parent=20747"}],"wp:term":[{"taxonomy":"product_cat","embeddable":true,"href":"https:\/\/theoutdoorshubgt.com\/shop\/index.php\/wp-json\/wp\/v2\/product_cat?post=20747"},{"taxonomy":"product_tag","embeddable":true,"href":"https:\/\/theoutdoorshubgt.com\/shop\/index.php\/wp-json\/wp\/v2\/product_tag?post=20747"}],"curies":[{"name":"wp","href":"https:\/\/api.w.org\/{rel}","templated":true}]}}