{"id":20762,"date":"2026-05-15T15:50:17","date_gmt":"2026-05-15T21:50:17","guid":{"rendered":"https:\/\/theoutdoorshubgt.com\/shop\/?post_type=product&#038;p=20762"},"modified":"2026-05-15T16:16:31","modified_gmt":"2026-05-15T22:16:31","slug":"yeti-hopper-12-fog-gray-blue","status":"publish","type":"product","link":"https:\/\/theoutdoorshubgt.com\/shop\/index.php\/product\/yeti-hopper-12-fog-gray-blue\/","title":{"rendered":"YETI HOPPER 12 FOG GRAY\/BLUE"},"content":{"rendered":"","protected":false},"excerpt":{"rendered":"<p>Perfecta para llevar comida y bebidas para compartir, y disfrutar el d\u00eda con un amigo.<\/p>\n<ul>\n<li>Capacidad para 24\u00a0latas (solamente)<\/li>\n<li>Capacidad para 16\u00a0lb (7\u00a0kg) de hielo (solamente)<\/li>\n<\/ul>\n<p data-path-to-node=\"2\">Te presentamos a la legendaria hielera blanda, es herm\u00e9tica y de gran resistencia. Por aqu\u00ed, la llamamos Hopper Flip\u00ae 12. Su abertura de boca ancha permite cargar y acceder a los alimentos y las bebidas con facilidad. Su estructura compacta y cuadrada ofrece la m\u00e1xima portabilidad: podr\u00e1s hacer excursiones todoterreno, meterte al agua y volver a tierra firme sin ning\u00fan problema. Adem\u00e1s, su aislamiento extremo permitir\u00e1 que el hielo siga siendo hielo por m\u00e1s tiempo.<\/p>\n<p data-path-to-node=\"2\"><b data-path-to-node=\"3\" data-index-in-node=\"0\">CIERRE HYDROLOK\u2122<\/b><\/p>\n<p data-path-to-node=\"4\">Nuestro cierre resistente al fiel estilo YETI, 100% herm\u00e9tico y de alto rendimiento.<\/p>\n<p data-path-to-node=\"4\"><b data-path-to-node=\"5\" data-index-in-node=\"0\">AISLAMIENTO COLDCELL\u2122<\/b><\/p>\n<p data-path-to-node=\"6\">La espuma de goma de celda cerrada ofrece una conservaci\u00f3n del fr\u00edo superior a las hieleras blandas normales.<\/p>\n<p data-path-to-node=\"6\">\n","protected":false},"featured_media":20763,"template":"","meta":[],"product_cat":[94],"product_tag":[],"class_list":{"0":"post-20762","1":"product","2":"type-product","3":"status-publish","4":"has-post-thumbnail","6":"product_brand-yeti","7":"product_cat-productos","9":"first","10":"instock","11":"shipping-taxable","12":"purchasable","13":"product-type-simple"},"_links":{"self":[{"href":"https:\/\/theoutdoorshubgt.com\/shop\/index.php\/wp-json\/wp\/v2\/product\/20762","targetHints":{"allow":["GET"]}}],"collection":[{"href":"https:\/\/theoutdoorshubgt.com\/shop\/index.php\/wp-json\/wp\/v2\/product"}],"about":[{"href":"https:\/\/theoutdoorshubgt.com\/shop\/index.php\/wp-json\/wp\/v2\/types\/product"}],"wp:featuredmedia":[{"embeddable":true,"href":"https:\/\/theoutdoorshubgt.com\/shop\/index.php\/wp-json\/wp\/v2\/media\/20763"}],"wp:attachment":[{"href":"https:\/\/theoutdoorshubgt.com\/shop\/index.php\/wp-json\/wp\/v2\/media?parent=20762"}],"wp:term":[{"taxonomy":"product_cat","embeddable":true,"href":"https:\/\/theoutdoorshubgt.com\/shop\/index.php\/wp-json\/wp\/v2\/product_cat?post=20762"},{"taxonomy":"product_tag","embeddable":true,"href":"https:\/\/theoutdoorshubgt.com\/shop\/index.php\/wp-json\/wp\/v2\/product_tag?post=20762"}],"curies":[{"name":"wp","href":"https:\/\/api.w.org\/{rel}","templated":true}]}}